{"id":775,"date":"2022-02-03T12:50:53","date_gmt":"2022-02-03T12:50:53","guid":{"rendered":"https:\/\/test.omvkbacs.hu\/?page_id=775"},"modified":"2022-02-03T12:56:39","modified_gmt":"2022-02-03T12:56:39","slug":"toyota-kedvezmeny-kamarai-tagoknak","status":"publish","type":"page","link":"https:\/\/test.omvkbacs.hu\/?page_id=775","title":{"rendered":"Toyota kedvezm\u00e9ny kamarai tagoknak"},"content":{"rendered":"\n<h2 class=\"wp-block-heading\">Tisztelt Vad\u00e1szt\u00e1rsunk!<\/h2>\n\n\n\n<p><img decoding=\"async\" alt=\"\" src=\"http:\/\/www.item.hu\/omvk\/images\/images\/toyota-hilux-300.jpg\">\u00d6r\u00f6mmel \u00e9rtes\u00edtj\u00fck, hogy az Orsz\u00e1gos Magyar Vad\u00e1szkamara \u00e9s a Toyota Motor Hungary k\u00f6z\u00f6tt id\u00e9n is strat\u00e9giai egy\u00fcttm\u0171k\u00f6d\u00e9s sz\u00fcletett. Ennek eredm\u00e9nyek\u00e9ppen 2015 -ben is&nbsp;<strong>minden vad\u00e1szkamarai tagunk egyedi kedvezm\u00e9nyre jogosult a Magyarorsz\u00e1gon m\u00e1r 4. \u00e9ve pacvezet\u0151 pick-up, a Toyota Hilux, valamint a RAV4 \u00e9s Land Cruiser modellek v\u00e1s\u00e1rl\u00e1sa eset\u00e9n.<\/strong><\/p>\n\n\n\n<p><strong>Keresse fel az \u00d6nh\u00f6z legk\u00f6zelebb es\u0151 hivatalos Toyota-m\u00e1rkakeresked\u00e9st<\/strong>, ahol a Toyota munkat\u00e1rsai tov\u00e1bbi r\u00e9szletekkel \u00e1llnak rendelkez\u00e9s\u00fckre a modellel \u00e9s a kedvezm\u00e9ny ig\u00e9nybev\u00e9tel\u00e9vel kapcsolatban!<\/p>\n\n\n\n<p>A kedvezm\u00e9ny \u00e9rv\u00e9nyes\u00edt\u00e9s\u00e9hez v\u00e1s\u00e1rl\u00e1skor sz\u00fcks\u00e9g van a Kamar\u00e1t\u00f3l kapott kuponra \u00e9s az \u00e9rv\u00e9nyes vad\u00e1szjegy bemutat\u00e1s\u00e1ra a helyi m\u00e1rkakeresked\u00e9sekben, amelyek list\u00e1j\u00e1t megtal\u00e1lja a&nbsp;<a href=\"http:\/\/www.toyota.hu\/\" target=\"_blank\" rel=\"noreferrer noopener\">www.toyota.hu<\/a>&nbsp;weboldalon.<\/p>\n\n\n\n<p><strong>Vad\u00e1sz\u00fcdv\u00f6zlettel:<br>Orsz\u00e1gos Magyar Vad\u00e1szkamara<\/strong><\/p>\n\n\n\n<p><\/p>\n\n\n\n<figure class=\"wp-block-image size-full\"><img loading=\"lazy\" decoding=\"async\" width=\"180\" height=\"150\" src=\"https:\/\/test.omvkbacs.hu\/wp-content\/uploads\/2022\/02\/toyota-logo.png\" alt=\"\" class=\"wp-image-777\"\/><\/figure>\n","protected":false},"excerpt":{"rendered":"<div class=\"entry-summary\">\nTisztelt Vad\u00e1szt\u00e1rsunk! \u00d6r\u00f6mmel \u00e9rtes\u00edtj\u00fck, hogy az Orsz\u00e1gos Magyar Vad\u00e1szkamara \u00e9s a Toyota Motor Hungary k\u00f6z\u00f6tt id\u00e9n is strat\u00e9giai egy\u00fcttm\u0171k\u00f6d\u00e9s sz\u00fcletett.&hellip;\n<\/div>\n<div class=\"link-more\"><a href=\"https:\/\/test.omvkbacs.hu\/?page_id=775\" class=\"more-link\">Tov&aacute;bb <span class=\"screen-reader-text\"> &ldquo;Toyota kedvezm\u00e9ny kamarai tagoknak&rdquo;<\/span>&hellip;<\/a><\/div>\n","protected":false},"author":1,"featured_media":0,"parent":0,"menu_order":0,"comment_status":"closed","ping_status":"closed","template":"","meta":{"footnotes":""},"_links":{"self":[{"href":"https:\/\/test.omvkbacs.hu\/index.php?rest_route=\/wp\/v2\/pages\/775"}],"collection":[{"href":"https:\/\/test.omvkbacs.hu\/index.php?rest_route=\/wp\/v2\/pages"}],"about":[{"href":"https:\/\/test.omvkbacs.hu\/index.php?rest_route=\/wp\/v2\/types\/page"}],"author":[{"embeddable":true,"href":"https:\/\/test.omvkbacs.hu\/index.php?rest_route=\/wp\/v2\/users\/1"}],"replies":[{"embeddable":true,"href":"https:\/\/test.omvkbacs.hu\/index.php?rest_route=%2Fwp%2Fv2%2Fcomments&post=775"}],"version-history":[{"count":2,"href":"https:\/\/test.omvkbacs.hu\/index.php?rest_route=\/wp\/v2\/pages\/775\/revisions"}],"predecessor-version":[{"id":778,"href":"https:\/\/test.omvkbacs.hu\/index.php?rest_route=\/wp\/v2\/pages\/775\/revisions\/778"}],"wp:attachment":[{"href":"https:\/\/test.omvkbacs.hu\/index.php?rest_route=%2Fwp%2Fv2%2Fmedia&parent=775"}],"curies":[{"name":"wp","href":"https:\/\/api.w.org\/{rel}","templated":true}]}}