{"id":71,"date":"2021-11-30T10:19:54","date_gmt":"2021-11-30T10:19:54","guid":{"rendered":"https:\/\/test.omvkbacs.hu\/?page_id=71"},"modified":"2021-11-30T10:19:55","modified_gmt":"2021-11-30T10:19:55","slug":"szervezeti-felepites","status":"publish","type":"page","link":"https:\/\/test.omvkbacs.hu\/?page_id=71","title":{"rendered":"Szervezeti fel\u00e9p\u00edt\u00e9s"},"content":{"rendered":"\n<h2 class=\"wp-block-heading\">B\u00e1cs-Kiskun Megyei Vad\u00e1szsz\u00f6vets\u00e9g<\/h2>\n\n\n\n<p><strong>Eln\u00f6k<\/strong>: Kara Mikl\u00f3s<\/p>\n\n\n\n<p><strong>\u00dcgyvezet\u0151 f\u0151vad\u00e1sz<\/strong>: Dr. Szigethy B\u00e9la<\/p>\n\n\n\n<p><strong>Tagok<\/strong>:<\/p>\n\n\n\n<ul><li>Cseh-Szak\u00e1ll S\u00e1ndor<\/li><li>Dud\u00e1s P\u00e1l<\/li><li>Gyenes K\u00e1roly<\/li><li>Krasny\u00e1nszki Gyula<\/li><li>Paor J\u00f3zsef<\/li><\/ul>\n\n\n\n<p><strong>Ellen\u0151rz\u0151 Bizotts\u00e1g<\/strong><\/p>\n\n\n\n<p><strong>Eln\u00f6k<\/strong>: Dr. Horv\u00e1th Gy\u00f6rgy<\/p>\n\n\n\n<p><strong>Tagok<\/strong>:<\/p>\n\n\n\n<ul><li>Forg\u00f3 Ferenc<\/li><li>Kov\u00e1cs Zolt\u00e1n<\/li><\/ul>\n\n\n\n<p><\/p>\n","protected":false},"excerpt":{"rendered":"<div class=\"entry-summary\">\nB\u00e1cs-Kiskun Megyei Vad\u00e1szsz\u00f6vets\u00e9g Eln\u00f6k: Kara Mikl\u00f3s \u00dcgyvezet\u0151 f\u0151vad\u00e1sz: Dr. Szigethy B\u00e9la Tagok: Cseh-Szak\u00e1ll S\u00e1ndor Dud\u00e1s P\u00e1l Gyenes K\u00e1roly Krasny\u00e1nszki Gyula&hellip;\n<\/div>\n<div class=\"link-more\"><a href=\"https:\/\/test.omvkbacs.hu\/?page_id=71\" class=\"more-link\">Tov&aacute;bb <span class=\"screen-reader-text\"> &ldquo;Szervezeti fel\u00e9p\u00edt\u00e9s&rdquo;<\/span>&hellip;<\/a><\/div>\n","protected":false},"author":1,"featured_media":0,"parent":0,"menu_order":0,"comment_status":"closed","ping_status":"closed","template":"","meta":{"footnotes":""},"_links":{"self":[{"href":"https:\/\/test.omvkbacs.hu\/index.php?rest_route=\/wp\/v2\/pages\/71"}],"collection":[{"href":"https:\/\/test.omvkbacs.hu\/index.php?rest_route=\/wp\/v2\/pages"}],"about":[{"href":"https:\/\/test.omvkbacs.hu\/index.php?rest_route=\/wp\/v2\/types\/page"}],"author":[{"embeddable":true,"href":"https:\/\/test.omvkbacs.hu\/index.php?rest_route=\/wp\/v2\/users\/1"}],"replies":[{"embeddable":true,"href":"https:\/\/test.omvkbacs.hu\/index.php?rest_route=%2Fwp%2Fv2%2Fcomments&post=71"}],"version-history":[{"count":1,"href":"https:\/\/test.omvkbacs.hu\/index.php?rest_route=\/wp\/v2\/pages\/71\/revisions"}],"predecessor-version":[{"id":72,"href":"https:\/\/test.omvkbacs.hu\/index.php?rest_route=\/wp\/v2\/pages\/71\/revisions\/72"}],"wp:attachment":[{"href":"https:\/\/test.omvkbacs.hu\/index.php?rest_route=%2Fwp%2Fv2%2Fmedia&parent=71"}],"curies":[{"name":"wp","href":"https:\/\/api.w.org\/{rel}","templated":true}]}}