{"id":33,"date":"2021-10-05T13:22:19","date_gmt":"2021-10-05T13:22:19","guid":{"rendered":"https:\/\/test.omvkbacs.hu\/?page_id=33"},"modified":"2021-12-08T08:11:56","modified_gmt":"2021-12-08T08:11:56","slug":"elerhetosegek","status":"publish","type":"page","link":"https:\/\/test.omvkbacs.hu\/?page_id=33","title":{"rendered":"El\u00e9rhet\u0151s\u00e9gek"},"content":{"rendered":"\n<h2 class=\"wp-block-heading\">Orsz\u00e1gos Magyar Vad\u00e1szkamara B\u00e1cs-Kiskun Megyei Ter\u00fcleti Szervezete<\/h2>\n\n\n\n<div class=\"wp-block-columns is-layout-flex wp-container-core-columns-is-layout-4 wp-block-columns-is-layout-flex\">\n<div class=\"wp-block-column is-layout-flow wp-block-column-is-layout-flow\" style=\"flex-basis:100%\">\n<div class=\"wp-block-group\"><div class=\"wp-block-group__inner-container is-layout-flow wp-block-group-is-layout-flow\">\n<div class=\"wp-block-columns is-layout-flex wp-container-core-columns-is-layout-3 wp-block-columns-is-layout-flex\">\n<div class=\"wp-block-column is-layout-flow wp-block-column-is-layout-flow\" style=\"flex-basis:100%\">\n<div class=\"wp-block-group\"><div class=\"wp-block-group__inner-container is-layout-flow wp-block-group-is-layout-flow\">\n<figure class=\"wp-block-table is-style-regular\"><table><tbody><tr><td>C\u00edm:<\/td><td>6000 Kecskem\u00e9t, R\u00e1k\u00f3czi u. 9. I\/5.<\/td><\/tr><tr><td>Telefon\/fax: <\/td><td>06-76\/325-254<\/td><\/tr><tr><td>E-mail: <\/td><td><a href=\"mailto:omvkbacs@omvkbacs.t-online.hu\">omvkbacs@omvkbacs.t-online.hu<\/a><\/td><\/tr><tr><td>Mikl\u00f3s K\u00e1roly titk\u00e1r:<\/td><td>06-30\/239-4916<\/td><\/tr><tr><td>\u00dcgyf\u00e9lfogad\u00e1si id\u0151:<\/td><td>h\u00e9tf\u0151t\u0151l cs\u00fct\u00f6rt\u00f6kig 8:00-11:30 \u00e9s 12:00-15:30 k\u00f6z\u00f6tt, <br>p\u00e9nteken: 8:00-12:00 k\u00f6z\u00f6tt<\/td><\/tr><\/tbody><\/table><\/figure>\n\n\n\n<h2 class=\"wp-block-heading\">B\u00e1cs-Kiskun Megyei Vad\u00e1szsz\u00f6vets\u00e9g<\/h2>\n\n\n\n<div class=\"wp-block-group\"><div class=\"wp-block-group__inner-container is-layout-flow wp-block-group-is-layout-flow\">\n<div class=\"wp-block-columns is-layout-flex wp-container-core-columns-is-layout-2 wp-block-columns-is-layout-flex\">\n<div class=\"wp-block-column is-layout-flow wp-block-column-is-layout-flow\">\n<div class=\"wp-block-columns is-layout-flex wp-container-core-columns-is-layout-1 wp-block-columns-is-layout-flex\">\n<div class=\"wp-block-column is-layout-flow wp-block-column-is-layout-flow\" style=\"flex-basis:100%\">\n<div class=\"wp-block-group\"><div class=\"wp-block-group__inner-container is-layout-flow wp-block-group-is-layout-flow\">\n<figure class=\"wp-block-table is-style-regular\"><table><tbody><tr><td>C\u00edm:<\/td><td>6000 Kecskem\u00e9t, R\u00e1k\u00f3czi u. 9. I\/5.<\/td><\/tr><tr><td>Telefon\/fax: <\/td><td>06-76\/418-800<\/td><\/tr><tr><td>E-mail: <\/td><td><a href=\"mailto:postmaster@bacsvadaszszov.t-online.hu\">postmaster@bacsvadaszszov.t-online.hu<\/a><\/td><\/tr><tr><td>\u00dcgyf\u00e9lfogad\u00e1si id\u0151:<\/td><td>h\u00e9tf\u0151t\u0151l cs\u00fct\u00f6rt\u00f6kig 8:30-14:00 \u00f3r\u00e1ig, <br>Ett\u0151l elt\u00e9r\u0151en id\u0151pont egyeztet\u00e9s alapj\u00e1n.<\/td><\/tr><\/tbody><\/table><\/figure>\n<\/div><\/div>\n<\/div>\n<\/div>\n\n\n\n<h2 class=\"wp-block-heading\">Megyei fegyver\u00fcgyi el\u0151ad\u00f3k el\u00e9rhet\u0151s\u00e9gei<\/h2>\n\n\n\n<p class=\"has-white-color has-text-color\">B\u00c1CS-KISKUN MEGYEI REND\u0150R-F\u0150KAPIT\u00c1NYS\u00c1G<\/p>\n\n\n\n<p>6000 Kecskem\u00e9t, Batthy\u00e1ny u. 14.<br>Tel.: 76\/513-341, Fax: 76\/513-342<br>Bel\u00fcgyi tel.: 33-3154 Fax: 33-3581<br>E-mail: borosm@bacs.police.hu<\/p>\n<\/div>\n<\/div>\n<\/div><\/div>\n<\/div><\/div>\n<\/div>\n<\/div>\n<\/div><\/div>\n\n\n\n<h2 class=\"wp-block-heading\">V\u00e1rosi Rend\u0151rkapit\u00e1nys\u00e1gok enged\u00e9ly\u00fcgyi el\u0151ad\u00f3i \u00e9s el\u00e9rhet\u0151s\u00e9g\u00fck:<\/h2>\n\n\n\n<figure class=\"wp-block-table\"><table><tbody><tr><td>Kecskem\u00e9ti Rend\u0151rkapit\u00e1nys\u00e1g<\/td><td>Baranyi \u00c1kos r. \u0151rgy.<\/td><td>76\/513-388<\/td><td>farasneba@bacs.police.hu<\/td><\/tr><tr><td>Bajai Rend\u0151rkapit\u00e1nys\u00e1g<\/td><td>Jank\u00f3n\u00e9 Bur\u00e1ny T\u00fcnde r. szds.<\/td><td>79\/540-159<\/td><td>jankoneb@bacs.police.hu<\/td><\/tr><tr><td>Kiskunhalasi Rend\u0151rkapit\u00e1nys\u00e1g<\/td><td>Dr. Lungern\u00e9 Borisza Erika r. alez.<\/td><td>77\/522-951<\/td><td>lungerneb@bacs.police.hu<\/td><\/tr><tr><td>Kalocsai Rend\u0151rkapit\u00e1nys\u00e1g<\/td><td>Bukor Csilla r. hdgy.<br>P\u00f6t\u00f6rke G\u00e1born\u00e9 r. zls.<\/td><td>78\/566-513<\/td><td>bukorc@bacs.police.hu<\/td><\/tr><tr><td>Kisk\u0151r\u00f6si Rend\u0151rkapit\u00e1nys\u00e1g<\/td><td>Dicsa S\u00e1ndor r. ft\u00f6rm.<\/td><td>78\/501-431<\/td><td>szarvasj@bacs.police.hu<\/td><\/tr><tr><td>Kiskunf\u00e9legyh\u00e1zi Rend\u0151rkapit\u00e1nys\u00e1g<\/td><td>Szab\u00f3n\u00e9 R\u00e1di Anita r. szds.<\/td><td>76\/562-224<\/td><td>szaboner@bacs.police.hu<\/td><\/tr><tr><td>Kunszentmikl\u00f3si Rend\u0151rkapit\u00e1nys\u00e1g<\/td><td>M\u00e1ndi Barnab\u00e1s r. \u0151rgy.<\/td><td>76\/551-100\/65-63<\/td><td>mandiba@bacs.police.hu<\/td><\/tr><\/tbody><\/table><\/figure>\n<\/div>\n<\/div>\n\n\n\n<h2 class=\"wp-block-heading\">B\u00e1cs-Kiskun Megyei Korm\u00e1nyhivatal F\u00f6ldm\u0171vel\u00e9s\u00fcgyi Igazgat\u00f3s\u00e1ga (I. Fok\u00fa Vad\u00e1szati Hat\u00f3s\u00e1g)<\/h2>\n\n\n\n<p>B\u00e1cs-Kiskun Megyei Korm\u00e1nyhivatal F\u00f6ldm\u0171vel\u00e9s\u00fcgyi Igazgat\u00f3s\u00e1g\u00e1nak el\u00e9rhet\u0151s\u00e9ge: <br>Telefon: 06-76\/513-613<\/p>\n\n\n\n<h2 class=\"wp-block-heading\">Vad\u00e1szl\u0151terek el\u00e9rhet\u0151s\u00e9gei<\/h2>\n\n\n\n<figure class=\"wp-block-table\"><table><tbody><tr><td>B\u00e1cs-Kiskun Megyei Vad\u00e1szsz\u00f6vets\u00e9g l\u0151tere<\/td><td>Utasi Bal\u00e1zs<\/td><td>06-30\/9686-231<\/td><\/tr><tr><td>Kiskunmajsa Hunor L\u0151t\u00e9r<\/td><td>Bencsik Mih\u00e1ly<\/td><td>06-30\/639-0328<\/td><\/tr><tr><td>Tiszak\u00e9cskei \u00c1rkusi L\u0151t\u00e9r<\/td><td>F\u00e9s\u0171s S\u00e1ndor<\/td><td>06-20\/9652-108<\/td><\/tr><tr><td>\u00c9rsekcsan\u00e1d Gemenc L\u0151t\u00e9r<\/td><td>Kov\u00e1cs G\u00e1bor<\/td><td>06-30\/348-3712<\/td><\/tr><\/tbody><\/table><\/figure>\n\n\n\n<h2 class=\"wp-block-heading\">Diana Vad\u00e1szh\u00f6lgy Klub &#8211; B\u00e1cs-Kiskun megye<\/h2>\n\n\n\n<p>Tarj\u00e1nyi Lili 06-20\/579-1764<\/p>\n\n\n\n<h2 class=\"wp-block-heading\">B\u00e1cs-Kiskun Megyei Vad\u00e1szh\u00f6lgyek Egyes\u00fclete<\/h2>\n\n\n\n<figure class=\"wp-block-table\"><table><tbody><tr><td>Lab\u00e1di Anik\u00f3 eln\u00f6k<\/td><td>06-20\/337-87-44<\/td><\/tr><tr><td>D\u00e1vid R\u00e9ka titk\u00e1r<\/td><td>06-20\/328-04-10<\/td><\/tr><\/tbody><\/table><\/figure>\n","protected":false},"excerpt":{"rendered":"<div class=\"entry-summary\">\nOrsz\u00e1gos Magyar Vad\u00e1szkamara B\u00e1cs-Kiskun Megyei Ter\u00fcleti Szervezete C\u00edm: 6000 Kecskem\u00e9t, R\u00e1k\u00f3czi u. 9. I\/5. Telefon\/fax: 06-76\/325-254 E-mail: omvkbacs@omvkbacs.t-online.hu Mikl\u00f3s K\u00e1roly&hellip;\n<\/div>\n<div class=\"link-more\"><a href=\"https:\/\/test.omvkbacs.hu\/?page_id=33\" class=\"more-link\">Tov&aacute;bb <span class=\"screen-reader-text\"> &ldquo;El\u00e9rhet\u0151s\u00e9gek&rdquo;<\/span>&hellip;<\/a><\/div>\n","protected":false},"author":1,"featured_media":0,"parent":0,"menu_order":0,"comment_status":"closed","ping_status":"closed","template":"","meta":{"footnotes":""},"_links":{"self":[{"href":"https:\/\/test.omvkbacs.hu\/index.php?rest_route=\/wp\/v2\/pages\/33"}],"collection":[{"href":"https:\/\/test.omvkbacs.hu\/index.php?rest_route=\/wp\/v2\/pages"}],"about":[{"href":"https:\/\/test.omvkbacs.hu\/index.php?rest_route=\/wp\/v2\/types\/page"}],"author":[{"embeddable":true,"href":"https:\/\/test.omvkbacs.hu\/index.php?rest_route=\/wp\/v2\/users\/1"}],"replies":[{"embeddable":true,"href":"https:\/\/test.omvkbacs.hu\/index.php?rest_route=%2Fwp%2Fv2%2Fcomments&post=33"}],"version-history":[{"count":13,"href":"https:\/\/test.omvkbacs.hu\/index.php?rest_route=\/wp\/v2\/pages\/33\/revisions"}],"predecessor-version":[{"id":781,"href":"https:\/\/test.omvkbacs.hu\/index.php?rest_route=\/wp\/v2\/pages\/33\/revisions\/781"}],"wp:attachment":[{"href":"https:\/\/test.omvkbacs.hu\/index.php?rest_route=%2Fwp%2Fv2%2Fmedia&parent=33"}],"curies":[{"name":"wp","href":"https:\/\/api.w.org\/{rel}","templated":true}]}}