{"id":28,"date":"2021-10-05T13:11:54","date_gmt":"2021-10-05T13:11:54","guid":{"rendered":"https:\/\/test.omvkbacs.hu\/?page_id=28"},"modified":"2021-11-30T11:29:05","modified_gmt":"2021-11-30T11:29:05","slug":"dokumentumok","status":"publish","type":"page","link":"https:\/\/test.omvkbacs.hu\/?page_id=28","title":{"rendered":"Dokumentumok, jogszab\u00e1lyok"},"content":{"rendered":"\n<h2 class=\"wp-block-heading\">Nyomtatv\u00e1nyok<\/h2>\n\n\n\n<ul><li><a rel=\"noreferrer noopener\" href=\"https:\/\/test.omvkbacs.hu\/wp-content\/uploads\/2021\/10\/nyilatkozat-es-sportvadasz-tagnyilvantarto-lap.doc\" data-type=\"URL\" data-id=\"https:\/\/test.omvkbacs.hu\/wp-content\/uploads\/2021\/10\/nyilatkozat-es-sportvadasz-tagnyilvantarto-lap.doc\" target=\"_blank\">Sportvad\u00e1sz bel\u00e9p\u00e9si nyilatkozat \u00e9s tagnyilv\u00e1ntart\u00f3 lap<\/a><\/li><li><a href=\"https:\/\/test.omvkbacs.hu\/wp-content\/uploads\/2021\/11\/jelentkezesi-lap-vadaszvizsgara.pdf\" target=\"_blank\" rel=\"noreferrer noopener\">Jelentkez\u00e9si lap vad\u00e1szvizsg\u00e1ra<\/a><\/li><li><a href=\"https:\/\/test.omvkbacs.hu\/wp-content\/uploads\/2021\/11\/elveszett-vjegy-kerelem2-1.doc\" target=\"_blank\" rel=\"noreferrer noopener\">K\u00e9relem elveszett vad\u00e1szjegy p\u00f3tl\u00e1s\u00e1hoz<\/a><\/li><li><a href=\"https:\/\/test.omvkbacs.hu\/wp-content\/uploads\/2021\/11\/fegyver-ajandekozasi-szerzodes.doc\" data-type=\"URL\" data-id=\"https:\/\/test.omvkbacs.hu\/wp-content\/uploads\/2021\/11\/fegyver-ajandekozasi-szerzodes.doc\" target=\"_blank\" rel=\"noreferrer noopener\">Fegyver aj\u00e1nd\u00e9koz\u00e1si szerz\u0151d\u00e9s<\/a><\/li><li><a href=\"https:\/\/test.omvkbacs.hu\/wp-content\/uploads\/2021\/11\/fegyver-atadasi-megallapodas-1.doc\" target=\"_blank\" rel=\"noreferrer noopener\">Fegyver \u00e1tad\u00e1si meg\u00e1llapod\u00e1s<\/a><\/li><li><a href=\"https:\/\/test.omvkbacs.hu\/wp-content\/uploads\/2021\/11\/fegyver-adas-veteli-szerzodes.doc\" target=\"_blank\" rel=\"noreferrer noopener\">Fegyver ad\u00e1s-v\u00e9teli szerz\u0151d\u00e9s<\/a><\/li><li><a href=\"https:\/\/test.omvkbacs.hu\/wp-content\/uploads\/2021\/11\/hivatasos-vadasz-printed-02-1.pdf\" data-type=\"URL\" data-id=\"https:\/\/test.omvkbacs.hu\/wp-content\/uploads\/2021\/11\/hivatasos-vadasz-printed-02-1.pdf\" target=\"_blank\" rel=\"noreferrer noopener\">Hivat\u00e1sos vad\u00e1sz rend\u00e9szeti vizsga tananyag<\/a><\/li><li><a href=\"https:\/\/test.omvkbacs.hu\/wp-content\/uploads\/2021\/11\/hivatasos-vadasz-tagnyilvantarto-lap.pdf\" data-type=\"URL\" data-id=\"https:\/\/test.omvkbacs.hu\/wp-content\/uploads\/2021\/11\/hivatasos-vadasz-tagnyilvantarto-lap.pdf\" target=\"_blank\" rel=\"noreferrer noopener\">Hivat\u00e1sos vad\u00e1sz bel\u00e9p\u00e9si nyilatkozat \u00e9s tagnyilv\u00e1ntart\u00f3 lap<\/a><\/li><li><a href=\"https:\/\/test.omvkbacs.hu\/wp-content\/uploads\/2021\/11\/kulfoldi-vendegvadasz-bejelentese-vadaszati-hatosaghoz.doc\" target=\"_blank\" rel=\"noreferrer noopener\">K\u00fclf\u00f6ldi vad\u00e1szvend\u00e9g bejelent\u00e9se vad\u00e1szati hat\u00f3s\u00e1ghoz<\/a><\/li><li><a href=\"https:\/\/test.omvkbacs.hu\/wp-content\/uploads\/2021\/11\/sportvadasz-adategyeztetesi-lap-kezi-kitoltes-.pdf\" data-type=\"URL\" data-id=\"https:\/\/test.omvkbacs.hu\/wp-content\/uploads\/2021\/11\/sportvadasz-adategyeztetesi-lap-kezi-kitoltes-.pdf\" target=\"_blank\" rel=\"noreferrer noopener\">Sportvad\u00e1sz adategyeztet\u00e9si lap k\u00e9zi kit\u00f6lt\u00e9s<\/a><\/li><li><a href=\"https:\/\/test.omvkbacs.hu\/wp-content\/uploads\/2021\/11\/sportvadasz-adategyeztetesi-lap-szamitogepes-kitoltes-2.xls\" target=\"_blank\" rel=\"noreferrer noopener\">Sportvad\u00e1sz adategyeztet\u00e9si lap sz\u00e1m\u00edt\u00f3g\u00e9pes kit\u00f6lt\u00e9s<\/a><\/li><li><a href=\"https:\/\/test.omvkbacs.hu\/wp-content\/uploads\/2021\/11\/hivatasos-vadasz-adategyeztetesi-kezi-kitoltes-.pdf\" target=\"_blank\" rel=\"noreferrer noopener\">Hivat\u00e1sos vad\u00e1sz adategyeztet\u00e9si lap k\u00e9zi kit\u00f6lt\u00e9s<\/a><\/li><li><a href=\"https:\/\/test.omvkbacs.hu\/wp-content\/uploads\/2021\/11\/hivatasos-vadasz-adategyeztetesi-lap-szamitogepes-kitoltes-2.xls\" target=\"_blank\" rel=\"noreferrer noopener\">Hivat\u00e1sos vad\u00e1sz adategyeztet\u00e9si lap sz\u00e1m\u00edt\u00f3g\u00e9pes kit\u00f6lt\u00e9s<\/a><\/li><li><a href=\"https:\/\/test.omvkbacs.hu\/wp-content\/uploads\/2021\/11\/nyilatkozatok-belfoldi-maganszemely-20201105-v2.pdf\" target=\"_blank\" rel=\"noreferrer noopener\">Adatkezel\u00e9si nyilatkozat belf\u00f6ldi mag\u00e1nszem\u00e9ly r\u00e9sz\u00e9re k\u00e9zi kit\u00f6lt\u00e9s<\/a><\/li><li><a href=\"https:\/\/test.omvkbacs.hu\/wp-content\/uploads\/2021\/11\/nyilatkozatok-belfoldi-maganszemely-20201105-v2.xlsx\" target=\"_blank\" rel=\"noreferrer noopener\">Adatkezel\u00e9si nyilatkozat belf\u00f6ldi mag\u00e1nszem\u00e9ly r\u00e9sz\u00e9re g\u00e9pi kit\u00f6lt\u00e9s<\/a><\/li><li><a href=\"https:\/\/test.omvkbacs.hu\/wp-content\/uploads\/2021\/11\/kulf-kerelem-ii-2017-9-2020-12-09.doc\" target=\"_blank\" rel=\"noreferrer noopener\">K\u00fclf\u00f6ldi vad\u00e1szati enged\u00e9ly k\u00e9relem minta<\/a><\/li><li><a href=\"https:\/\/test.omvkbacs.hu\/wp-content\/uploads\/2021\/11\/nyilatkozatok-kulfoldi-vadasztarsasag-20201105-v6.xlsx\" target=\"_blank\" rel=\"noreferrer noopener\">Nyilatkozat k\u00fclf\u00f6ldi vad\u00e1szati enged\u00e9ly kiv\u00e1lt\u00e1s\u00e1hoz k\u00e9zi kit\u00f6lt\u00e9s<\/a><\/li><li><a href=\"https:\/\/test.omvkbacs.hu\/wp-content\/uploads\/2021\/11\/nyilatkozatok-kulfoldi-vadasztarsasag-20201105-v6-1.xlsx\" target=\"_blank\" rel=\"noreferrer noopener\">Nyilatkozat k\u00fclf\u00f6ldi vad\u00e1szati enged\u00e9ly kiv\u00e1lt\u00e1s\u00e1hoz g\u00e9pi kit\u00f6lt\u00e9s<\/a><\/li><\/ul>\n\n\n\n<hr class=\"wp-block-separator\"\/>\n\n\n\n<h2 class=\"wp-block-heading\">Jogszab\u00e1lyok<\/h2>\n\n\n\n<p><strong>Vad\u00e1szkamar\u00e1val kapcsolatos jogszab\u00e1lyok<\/strong><\/p>\n\n\n\n<ul><li><a href=\"https:\/\/test.omvkbacs.hu\/wp-content\/uploads\/2021\/11\/etikai-szabalyzat-2013-majus-8.pdf\" data-type=\"URL\" data-id=\"https:\/\/test.omvkbacs.hu\/wp-content\/uploads\/2021\/11\/etikai-szabalyzat-2013-majus-8.pdf\" target=\"_blank\" rel=\"noreferrer noopener\">Etikai szab\u00e1lyzat<\/a><\/li><li><a href=\"https:\/\/test.omvkbacs.hu\/wp-content\/uploads\/2021\/11\/etikai-kodex.pdf\" data-type=\"URL\" data-id=\"https:\/\/test.omvkbacs.hu\/wp-content\/uploads\/2021\/11\/etikai-kodex.pdf\" target=\"_blank\" rel=\"noreferrer noopener\">Etikai k\u00f3dex<\/a><\/li><li><a href=\"https:\/\/test.omvkbacs.hu\/wp-content\/uploads\/2021\/11\/omvk-alapszabaly-2013-majus-8.pdf\" target=\"_blank\" rel=\"noreferrer noopener\">OMVK Alapszab\u00e1ly<\/a><\/li><li><a href=\"https:\/\/test.omvkbacs.hu\/wp-content\/uploads\/2021\/11\/1997-evi-xlvi-torveny-az-orszagos-magyar-vadaszkamararol.pdf\" target=\"_blank\" rel=\"noreferrer noopener\">1997. \u00e9vi XLVI. t\u00f6rv\u00e9ny az Orsz\u00e1gos Magyar Vad\u00e1szkamar\u00e1r\u00f3l<\/a><\/li><li><a href=\"https:\/\/test.omvkbacs.hu\/wp-content\/uploads\/2021\/11\/img-0001.pdf\" data-type=\"URL\" data-id=\"https:\/\/test.omvkbacs.hu\/wp-content\/uploads\/2021\/11\/img-0001.pdf\" target=\"_blank\" rel=\"noreferrer noopener\">Szervezeti fel\u00e9p\u00edt\u00e9s<\/a><\/li><li><a href=\"https:\/\/test.omvkbacs.hu\/wp-content\/uploads\/2021\/11\/szolgalati-szabalyzat.pdf\" data-type=\"URL\" data-id=\"https:\/\/test.omvkbacs.hu\/wp-content\/uploads\/2021\/11\/szolgalati-szabalyzat.pdf\" target=\"_blank\" rel=\"noreferrer noopener\">A Hivat\u00e1sos Vad\u00e1szok Szolg\u00e1lati Szab\u00e1lyzata<\/a><\/li><li><a href=\"https:\/\/test.omvkbacs.hu\/wp-content\/uploads\/2021\/11\/a-teruleti-szervezet-2014-evi-beszamoloja.pdf\" data-type=\"URL\" data-id=\"https:\/\/test.omvkbacs.hu\/wp-content\/uploads\/2021\/11\/a-teruleti-szervezet-2014-evi-beszamoloja.pdf\" target=\"_blank\" rel=\"noreferrer noopener\">A ter\u00fcleti szervezet 2014. \u00e9vi besz\u00e1mol\u00f3ja<\/a><\/li><\/ul>\n\n\n\n<p><strong>Vad\u00e1szattal kapcsolatos jogszab\u00e1lyok<\/strong><\/p>\n\n\n\n<ul><li><a href=\"https:\/\/test.omvkbacs.hu\/wp-content\/uploads\/2021\/11\/1996-evi-lv-torveny-a-vad-vedelmerol.pdf\" data-type=\"URL\" data-id=\"https:\/\/test.omvkbacs.hu\/wp-content\/uploads\/2021\/11\/1996-evi-lv-torveny-a-vad-vedelmerol.pdf\" target=\"_blank\" rel=\"noreferrer noopener\">1996. \u00e9vi LV. t\u00f6rv\u00e9ny a vad v\u00e9delm\u00e9r\u0151l, a vadgazd\u00e1lkod\u00e1sr\u00f3l, valamint a vad\u00e1szatr\u00f3l<\/a><\/li><li><a href=\"https:\/\/test.omvkbacs.hu\/wp-content\/uploads\/2021\/11\/2012-evi-cxx-torveny-az-egyes-rendeszeti-feladatokat-ellato.pdf\" data-type=\"URL\" data-id=\"https:\/\/test.omvkbacs.hu\/wp-content\/uploads\/2021\/11\/2012-evi-cxx-torveny-az-egyes-rendeszeti-feladatokat-ellato.pdf\" target=\"_blank\" rel=\"noreferrer noopener\">2012. \u00e9vi CXX. t\u00f6rv\u00e9ny az egyes rend\u00e9szeti feladatokat ell\u00e1t\u00f3 szem\u00e9lyek tev\u00e9kenys\u00e9g\u00e9r\u0151l<\/a><\/li><\/ul>\n\n\n\n<p><strong>Fegyvertart\u00e1ssal kapcsolatos jogszab\u00e1lyok<\/strong><\/p>\n\n\n\n<ul><li><a href=\"https:\/\/test.omvkbacs.hu\/wp-content\/uploads\/2021\/11\/2004-evi-xxiv-torveny-a-lofegyverekrol-es-loszerekrol.pdf\" data-type=\"URL\" data-id=\"https:\/\/test.omvkbacs.hu\/wp-content\/uploads\/2021\/11\/2004-evi-xxiv-torveny-a-lofegyverekrol-es-loszerekrol.pdf\" target=\"_blank\" rel=\"noreferrer noopener\">2004. \u00e9vi XXIV. t\u00f6rv\u00e9ny a l\u0151fegyverekr\u0151l \u00e9s l\u0151szerekr\u0151l<\/a><\/li><li><a href=\"https:\/\/test.omvkbacs.hu\/wp-content\/uploads\/2021\/11\/22-1991-nm-rend-a-kezilofegyverek-stb-megszerzesenek-egeszsegi-alk.pdf\" target=\"_blank\" rel=\"noreferrer noopener\">22\/1991. (XI. 15.) NM rendelet a k\u00e9zil\u0151fegyverek, l\u0151szerek, g\u00e1z- \u00e9s riaszt\u00f3fegyverek megszerz\u00e9s\u00e9nek<\/a><\/li><li><a href=\"https:\/\/test.omvkbacs.hu\/wp-content\/uploads\/2021\/11\/31-2006-vi1-gkm-rendelet-a-fegyverek-es-loszereik-vizsgalatarol.pdf\" target=\"_blank\" rel=\"noreferrer noopener\">31\/2006. (VI. 1.) GKM rendelet a fegyverek, l\u00f6v\u0151k\u00e9sz\u00fcl\u00e9kek, valamint ezek l\u0151szereinek vizsg\u00e1lat\u00e1r\u00f3l<\/a><\/li><li><a href=\"https:\/\/test.omvkbacs.hu\/wp-content\/uploads\/2021\/11\/175-2003-x-28-korm-rend-a-kozbiztonsagra-kulonosen-veszelyes-eszkozokrol.pdf\" target=\"_blank\" rel=\"noreferrer noopener\">175\/2003. (X. 28.) Korm. rendelet a k\u00f6zbiztons\u00e1gra k\u00fcl\u00f6n\u00f6sen vesz\u00e9lyes eszk\u00f6z\u00f6kr\u0151l<\/a><\/li><li><a href=\"https:\/\/test.omvkbacs.hu\/wp-content\/uploads\/2021\/11\/253-2004-viii-31-korm-rend-a-fegyverekrol-es-loszerekrol.pdf\" target=\"_blank\" rel=\"noreferrer noopener\">253\/2004. Korm\u00e1nyrendelet a l\u0151fegyverekr\u0151l \u00e9s a l\u0151szerekr\u0151l<\/a><\/li><li><a href=\"https:\/\/test.omvkbacs.hu\/wp-content\/uploads\/2021\/11\/tajekoztato-a-lofegyverek-tartasanak-egeszsegi-alkalmassagi-szabalyairol.pdf\" target=\"_blank\" rel=\"noreferrer noopener\">T\u00e1j\u00e9koztat\u00f3 a l\u0151fegyverek tart\u00e1s\u00e1nak eg\u00e9szs\u00e9gi alkalmass\u00e1gi szab\u00e1lyair\u00f3l<\/a><\/li><\/ul>\n\n\n\n<p><strong>Vad\u00e1szvizsga<\/strong><\/p>\n\n\n\n<ul><li><a href=\"https:\/\/test.omvkbacs.hu\/?page_id=67\" data-type=\"page\" data-id=\"67\">126\/2013. (XII.17.) VM rendelet a vad\u00e1szvizsg\u00e1t megel\u0151z\u0151 tanfolyamr\u00f3l \u00e9s a vad\u00e1szvizsg\u00e1r\u00f3l<\/a><\/li><\/ul>\n\n\n\n<p><strong>Vad\u00e1szsz\u00f6vets\u00e9g<\/strong><\/p>\n\n\n\n<ul><li><a href=\"https:\/\/test.omvkbacs.hu\/?page_id=71\" data-type=\"page\" data-id=\"71\">Szervezeti fel\u00e9p\u00edt\u00e9s<\/a><\/li><\/ul>\n","protected":false},"excerpt":{"rendered":"<div class=\"entry-summary\">\nNyomtatv\u00e1nyok Sportvad\u00e1sz bel\u00e9p\u00e9si nyilatkozat \u00e9s tagnyilv\u00e1ntart\u00f3 lap Jelentkez\u00e9si lap vad\u00e1szvizsg\u00e1ra K\u00e9relem elveszett vad\u00e1szjegy p\u00f3tl\u00e1s\u00e1hoz Fegyver aj\u00e1nd\u00e9koz\u00e1si szerz\u0151d\u00e9s Fegyver \u00e1tad\u00e1si meg\u00e1llapod\u00e1s&hellip;\n<\/div>\n<div class=\"link-more\"><a href=\"https:\/\/test.omvkbacs.hu\/?page_id=28\" class=\"more-link\">Tov&aacute;bb <span class=\"screen-reader-text\"> &ldquo;Dokumentumok, jogszab\u00e1lyok&rdquo;<\/span>&hellip;<\/a><\/div>\n","protected":false},"author":1,"featured_media":0,"parent":0,"menu_order":0,"comment_status":"closed","ping_status":"closed","template":"","meta":{"footnotes":""},"_links":{"self":[{"href":"https:\/\/test.omvkbacs.hu\/index.php?rest_route=\/wp\/v2\/pages\/28"}],"collection":[{"href":"https:\/\/test.omvkbacs.hu\/index.php?rest_route=\/wp\/v2\/pages"}],"about":[{"href":"https:\/\/test.omvkbacs.hu\/index.php?rest_route=\/wp\/v2\/types\/page"}],"author":[{"embeddable":true,"href":"https:\/\/test.omvkbacs.hu\/index.php?rest_route=\/wp\/v2\/users\/1"}],"replies":[{"embeddable":true,"href":"https:\/\/test.omvkbacs.hu\/index.php?rest_route=%2Fwp%2Fv2%2Fcomments&post=28"}],"version-history":[{"count":7,"href":"https:\/\/test.omvkbacs.hu\/index.php?rest_route=\/wp\/v2\/pages\/28\/revisions"}],"predecessor-version":[{"id":93,"href":"https:\/\/test.omvkbacs.hu\/index.php?rest_route=\/wp\/v2\/pages\/28\/revisions\/93"}],"wp:attachment":[{"href":"https:\/\/test.omvkbacs.hu\/index.php?rest_route=%2Fwp%2Fv2%2Fmedia&parent=28"}],"curies":[{"name":"wp","href":"https:\/\/api.w.org\/{rel}","templated":true}]}}